{"id":13165,"date":"2024-11-21T15:12:19","date_gmt":"2024-11-21T15:12:19","guid":{"rendered":"https:\/\/siapacoustics.com\/vilkar-og-betingelser\/"},"modified":"2025-02-18T03:04:17","modified_gmt":"2025-02-18T03:04:17","slug":"vilkar-og-betingelser","status":"publish","type":"page","link":"https:\/\/siapacoustics.com\/no\/vilkar-og-betingelser\/","title":{"rendered":"Vilk\u00e5r og betingelser"},"content":{"rendered":"\t\t<div data-elementor-type=\"wp-page\" data-elementor-id=\"13165\" class=\"elementor elementor-13165 elementor-10061\" data-elementor-post-type=\"page\">\n\t\t\t\t<div class=\"elementor-element elementor-element-a9ac252 e-flex e-con-boxed e-con e-parent\" data-id=\"a9ac252\" data-element_type=\"container\" data-settings=\"{&quot;background_background&quot;:&quot;classic&quot;,&quot;jet_parallax_layout_list&quot;:[]}\">\n\t\t\t\t\t<div class=\"e-con-inner\">\n\t\t\t\t<div class=\"elementor-element elementor-element-e492a31 elementor-widget elementor-widget-heading\" data-id=\"e492a31\" data-element_type=\"widget\" data-widget_type=\"heading.default\">\n\t\t\t\t<div class=\"elementor-widget-container\">\n\t\t\t<h1 class=\"elementor-heading-title elementor-size-default\">Vilk\u00e5r og betingelser<\/h1>\t\t<\/div>\n\t\t\t\t<\/div>\n\t\t\t\t\t<\/div>\n\t\t\t\t<\/div>\n\t\t<div class=\"elementor-element elementor-element-057f0ae e-flex e-con-boxed e-con e-parent\" data-id=\"057f0ae\" data-element_type=\"container\" data-settings=\"{&quot;jet_parallax_layout_list&quot;:[]}\">\n\t\t\t\t\t<div class=\"e-con-inner\">\n\t\t<div class=\"elementor-element elementor-element-eae9101 e-con-full e-flex e-con e-child\" data-id=\"eae9101\" data-element_type=\"container\" data-settings=\"{&quot;jet_parallax_layout_list&quot;:[]}\">\n\t\t\t\t<div class=\"elementor-element elementor-element-ce083a4 elementor-widget elementor-widget-heading\" data-id=\"ce083a4\" data-element_type=\"widget\" data-widget_type=\"heading.default\">\n\t\t\t\t<div class=\"elementor-widget-container\">\n\t\t\t<h2 class=\"elementor-heading-title elementor-size-default\">Vilk\u00e5r og betingelser<\/h2>\t\t<\/div>\n\t\t\t\t<\/div>\n\t\t\t\t<div class=\"elementor-element elementor-element-9068136 elementor-widget elementor-widget-text-editor\" data-id=\"9068136\" data-element_type=\"widget\" data-widget_type=\"text-editor.default\">\n\t\t\t\t<div class=\"elementor-widget-container\">\n\t\t\t\t\t\t\t<p>Velkommen til SIAP Acoustics. Ved \u00e5 g\u00e5 inn p\u00e5 eller bruke nettstedet v\u00e5rt<a href=\"https:\/\/siapacoustics.com\/no\/\" target=\"_new\" rel=\"noopener\">(https:\/\/siapacoustics.com)<\/a>, samtykker du i \u00e5 overholde disse vilk\u00e5rene og betingelsene. Vennligst les dem n\u00f8ye, da de regulerer din bruk av nettstedet v\u00e5rt og informasjonen som gis.  <\/p><h3>Intellektuell eiendom<\/h3><p>Alt innhold p\u00e5 dette nettstedet, inkludert tekst, bilder, design og nedlastbart materiale, eies av SIAP Acoustics og er beskyttet av \u00e5ndsverkloven. Du kan ikke kopiere, reprodusere, endre, distribuere eller bruke noen del av nettstedet v\u00e5rt uten skriftlig forh\u00e5ndssamtykke fra SIAP Acoustics. <\/p><h3>Bruk av nettstedet<\/h3><ol><li><strong>Informasjonsform\u00e5l<\/strong>: Dette nettstedet er utformet for \u00e5 gi informasjon om SIAP Acoustics, v\u00e5r teknologi og v\u00e5re tjenester. Det er ikke en e-handelsplattform, og ingen direkte transaksjoner eller kj\u00f8p kan gj\u00f8res via dette nettstedet. <\/li><li><strong>N\u00f8yaktighet<\/strong>: Selv om vi bestreber oss p\u00e5 \u00e5 gi n\u00f8yaktig og oppdatert informasjon, kan SIAP Acoustics ikke garantere at innholdet p\u00e5 nettstedet er fullstendig eller p\u00e5litelig. For spesifikke foresp\u00f8rsler, vennligst kontakt oss direkte. <\/li><\/ol><h3>Begrensning av erstatningsansvar<\/h3><ol><li>SIAP Acoustics er ikke ansvarlig for direkte, indirekte, tilfeldige eller f\u00f8lgeskader som oppst\u00e5r som f\u00f8lge av bruk av nettstedet v\u00e5rt eller tiltro til dets innhold.<\/li><li>Nettstedet kan inneholde lenker til tredjeparts nettsteder. SIAP Acoustics er ikke ansvarlig for innholdet eller praksisen p\u00e5 disse eksterne nettstedene. <\/li><\/ol><h3>Brukeratferd<\/h3><ol><li>Du samtykker i \u00e5 bruke dette nettstedet i samsvar med alle gjeldende lover og forskrifter.<\/li><li>Uautorisert bruk av dette nettstedet, inkludert, men ikke begrenset til, hacking, dataskraping eller bruk av automatiserte systemer for \u00e5 f\u00e5 tilgang til nettstedet, kan f\u00f8re til opph\u00f8r av tilgang og rettslige skritt.<\/li><\/ol><h3>Retningslinjer for personvern<\/h3><p>Personopplysningene dine samles inn og h\u00e5ndteres i samsvar med v\u00e5re retningslinjer for <a target=\"_new\" rel=\"noopener\">personvern<\/a>. Ved \u00e5 bruke dette nettstedet samtykker du til datapraksisen som er beskrevet i retningslinjene. <\/p><h3>Gjeldende lov og tvistel\u00f8sning<\/h3><p>Disse vilk\u00e5rene og betingelsene er underlagt og tolkes i samsvar med nederlandsk lovgivning. Eventuelle tvister som oppst\u00e5r under eller i forbindelse med disse vilk\u00e5rene, vil v\u00e6re underlagt den eksklusive jurisdiksjonen til domstolene i Amsterdam, Nederland. <\/p><h3>Oppdateringer av disse vilk\u00e5rene<\/h3><p>SIAP Acoustics forbeholder seg retten til \u00e5 oppdatere eller endre disse vilk\u00e5rene og betingelsene n\u00e5r som helst uten forvarsel. Endringer vil tre i kraft umiddelbart etter at de er lagt ut p\u00e5 denne siden. Vi anbefaler at du g\u00e5r gjennom denne siden med jevne mellomrom for oppdateringer.  <\/p><h3>Kontakt oss<\/h3><p>Hvis du har sp\u00f8rsm\u00e5l om disse vilk\u00e5rene og betingelsene, kan du <a href=\"https:\/\/siapacoustics.com\/no\/kontakt\/\">kontakte oss.<\/a><\/p>\t\t\t\t\t\t<\/div>\n\t\t\t\t<\/div>\n\t\t\t\t<\/div>\n\t\t\t\t\t<\/div>\n\t\t\t\t<\/div>\n\t\t\t\t<\/div>\n\t\t","protected":false},"excerpt":{"rendered":"<p>Vilk\u00e5r og betingelser Vilk\u00e5r og betingelser Velkommen til SIAP Acoustics. Ved \u00e5 g\u00e5 inn p\u00e5 eller bruke nettstedet v\u00e5rt(https:\/\/siapacoustics.com), samtykker du i \u00e5 overholde disse vilk\u00e5rene og betingelsene. Vennligst les dem n\u00f8ye, da de regulerer din bruk av nettstedet v\u00e5rt og informasjonen som gis. Intellektuell eiendom Alt innhold p\u00e5 dette nettstedet, inkludert tekst, bilder, design&#8230;<\/p>\n","protected":false},"author":2,"featured_media":0,"parent":0,"menu_order":0,"comment_status":"closed","ping_status":"closed","template":"","meta":{"_monsterinsights_skip_tracking":false,"_monsterinsights_sitenote_active":false,"_monsterinsights_sitenote_note":"","_monsterinsights_sitenote_category":0,"footnotes":""},"class_list":["post-13165","page","type-page","status-publish","hentry"],"aioseo_notices":[],"_links":{"self":[{"href":"https:\/\/siapacoustics.com\/no\/wp-json\/wp\/v2\/pages\/13165","targetHints":{"allow":["GET"]}}],"collection":[{"href":"https:\/\/siapacoustics.com\/no\/wp-json\/wp\/v2\/pages"}],"about":[{"href":"https:\/\/siapacoustics.com\/no\/wp-json\/wp\/v2\/types\/page"}],"author":[{"embeddable":true,"href":"https:\/\/siapacoustics.com\/no\/wp-json\/wp\/v2\/users\/2"}],"replies":[{"embeddable":true,"href":"https:\/\/siapacoustics.com\/no\/wp-json\/wp\/v2\/comments?post=13165"}],"version-history":[{"count":1,"href":"https:\/\/siapacoustics.com\/no\/wp-json\/wp\/v2\/pages\/13165\/revisions"}],"predecessor-version":[{"id":13166,"href":"https:\/\/siapacoustics.com\/no\/wp-json\/wp\/v2\/pages\/13165\/revisions\/13166"}],"wp:attachment":[{"href":"https:\/\/siapacoustics.com\/no\/wp-json\/wp\/v2\/media?parent=13165"}],"curies":[{"name":"wp","href":"https:\/\/api.w.org\/{rel}","templated":true}]}}