{"id":13155,"date":"2024-11-27T11:39:37","date_gmt":"2024-11-27T11:39:37","guid":{"rendered":"https:\/\/siapacoustics.com\/fordeler-med-aktiv-akustikk\/"},"modified":"2025-12-10T04:02:28","modified_gmt":"2025-12-10T04:02:28","slug":"fordeler-med-aktiv-akustikk","status":"publish","type":"page","link":"https:\/\/siapacoustics.com\/no\/fordeler-med-aktiv-akustikk\/","title":{"rendered":"Fordeler med aktiv akustikk"},"content":{"rendered":"\t\t<div data-elementor-type=\"wp-page\" data-elementor-id=\"13155\" class=\"elementor elementor-13155 elementor-10324\" data-elementor-post-type=\"page\">\n\t\t\t\t<div class=\"elementor-element elementor-element-94cb9af e-flex e-con-boxed e-con e-parent\" data-id=\"94cb9af\" data-element_type=\"container\" data-settings=\"{&quot;background_background&quot;:&quot;classic&quot;,&quot;jet_parallax_layout_list&quot;:[]}\">\n\t\t\t\t\t<div class=\"e-con-inner\">\n\t\t\t\t\t<\/div>\n\t\t\t\t<\/div>\n\t\t<div class=\"elementor-element elementor-element-1593b72 e-flex e-con-boxed e-con e-parent\" data-id=\"1593b72\" data-element_type=\"container\" data-settings=\"{&quot;jet_parallax_layout_list&quot;:[]}\">\n\t\t\t\t\t<div class=\"e-con-inner\">\n\t\t<div class=\"elementor-element elementor-element-b23f673 e-con-full e-flex e-con e-child\" data-id=\"b23f673\" data-element_type=\"container\" data-settings=\"{&quot;jet_parallax_layout_list&quot;:[]}\">\n\t\t\t\t<div class=\"elementor-element elementor-element-035761b elementor-widget elementor-widget-heading\" data-id=\"035761b\" data-element_type=\"widget\" data-widget_type=\"heading.default\">\n\t\t\t\t<div class=\"elementor-widget-container\">\n\t\t\t<h1 class=\"elementor-heading-title elementor-size-default\">FORDELENE MED AKTIV AKUSTIKK?<\/h1>\t\t<\/div>\n\t\t\t\t<\/div>\n\t\t\t\t<div class=\"elementor-element elementor-element-d7522ac elementor-widget elementor-widget-html\" data-id=\"d7522ac\" data-element_type=\"widget\" data-widget_type=\"html.default\">\n\t\t\t\t<div class=\"elementor-widget-container\">\n\t\t\t<script type=\"application\/ld+json\">{\r\n  \"@context\": \"https:\/\/schema.org\/\", \r\n  \"@type\": \"BreadcrumbList\", \r\n  \"itemListElement\": [{\r\n    \"@type\": \"ListItem\", \r\n    \"position\": 1, \r\n    \"name\": \"What is Active Acoustics?\",\r\n    \"item\": \"https:\/\/siapacoustics.com\/what-is-active-acoustics\/\"  \r\n  },{\r\n    \"@type\": \"ListItem\", \r\n    \"position\": 2, \r\n    \"name\": \"Immersive Audio\",\r\n    \"item\": \"https:\/\/siapacoustics.com\/immersive-audio\/\"  \r\n  },{\r\n    \"@type\": \"ListItem\", \r\n    \"position\": 3, \r\n    \"name\": \"Spatial Audio\",\r\n    \"item\": \"https:\/\/siapacoustics.com\/spatial-audio\/\"  \r\n  },{\r\n    \"@type\": \"ListItem\", \r\n    \"position\": 4, \r\n    \"name\": \"Our Technology\",\r\n    \"item\": \"https:\/\/siapacoustics.com\/siap-technology\/\"  \r\n  }]\r\n}\r\n<\/script><script type=\"application\/ld+json\">{\r\n  \"@context\": \"https:\/\/schema.org\/\", \r\n  \"@type\": \"Product\", \r\n  \"name\": \"Benefits Of Active Acoustics\",\r\n  \"image\": \"https:\/\/siapacoustics.com\/wp-content\/uploads\/2024\/12\/SIAP-DNK-Assen-zaal-hall-2.jpg.webp\",\r\n  \"description\": \"SIAP active acoustics turns any space into a true multipurpose powerhouse, capable of hosting everything from intimate theater productions to high-energy live concerts.\",\r\n  \"brand\": {\r\n    \"@type\": \"Brand\",\r\n    \"name\": \"SIAP Acoustics\"\r\n  },\r\n  \"offers\": {\r\n    \"@type\": \"AggregateOffer\",\r\n    \"url\": \"https:\/\/siapacoustics.com\/benefits-of-active-acoustics\/\",\r\n    \"priceCurrency\": \"USD\",\r\n    \"lowPrice\": \"\",\r\n    \"offerCount\": \"1\"\r\n  },\r\n  \"aggregateRating\": {\r\n    \"@type\": \"AggregateRating\",\r\n    \"ratingValue\": \"4.9\",\r\n    \"bestRating\": \"5\",\r\n    \"worstRating\": \"1\",\r\n    \"ratingCount\": \"287\"\r\n  }\r\n}\r\n<\/script>\t\t<\/div>\n\t\t\t\t<\/div>\n\t\t\t\t<div class=\"elementor-element elementor-element-8a93da7 elementor-widget-divider--view-line elementor-widget elementor-widget-divider\" data-id=\"8a93da7\" data-element_type=\"widget\" data-widget_type=\"divider.default\">\n\t\t\t\t<div class=\"elementor-widget-container\">\n\t\t\t\t\t<div class=\"elementor-divider\">\n\t\t\t<span class=\"elementor-divider-separator\">\n\t\t\t\t\t\t<\/span>\n\t\t<\/div>\n\t\t\t\t<\/div>\n\t\t\t\t<\/div>\n\t\t<div class=\"elementor-element elementor-element-7d987be e-con-full e-flex e-con e-child\" data-id=\"7d987be\" data-element_type=\"container\" data-settings=\"{&quot;jet_parallax_layout_list&quot;:[]}\">\n\t\t<div class=\"elementor-element elementor-element-82ec86e e-con-full e-flex e-con e-child\" data-id=\"82ec86e\" data-element_type=\"container\" data-settings=\"{&quot;jet_parallax_layout_list&quot;:[]}\">\n\t\t\t\t<div class=\"elementor-element elementor-element-2ca9112 elementor-widget elementor-widget-heading\" data-id=\"2ca9112\" data-element_type=\"widget\" data-widget_type=\"heading.default\">\n\t\t\t\t<div class=\"elementor-widget-container\">\n\t\t\t<h2 class=\"elementor-heading-title elementor-size-default\">en game-changer for arenaer<\/h2>\t\t<\/div>\n\t\t\t\t<\/div>\n\t\t\t\t<div class=\"elementor-element elementor-element-554acc7 elementor-widget elementor-widget-text-editor\" data-id=\"554acc7\" data-element_type=\"widget\" data-widget_type=\"text-editor.default\">\n\t\t\t\t<div class=\"elementor-widget-container\">\n\t\t\t\t\t\t\t<p>Aktiv akustikk er mer enn bare lydforbedring - det er en game-changer for arenaer av alle st\u00f8rrelser. Enten det dreier seg om en teaterforestilling, livekonsert eller bedriftskonferanse, s\u00f8rger denne teknologien for at hver lyd er perfekt optimalisert for \u00e5 skape et tilpasningsdyktig og oppslukende milj\u00f8. Aktiv akustikk skreddersyr akustikken til de spesifikke behovene til hvert enkelt arrangement, noe som sikrer en uforglemmelig lydopplevelse for b\u00e5de publikum og ut\u00f8vere.  <\/p>\t\t\t\t\t\t<\/div>\n\t\t\t\t<\/div>\n\t\t\t\t<div class=\"elementor-element elementor-element-6c01824 elementor-widget elementor-widget-image\" data-id=\"6c01824\" data-element_type=\"widget\" data-widget_type=\"image.default\">\n\t\t\t\t<div class=\"elementor-widget-container\">\n\t\t\t\t\t\t\t\t\t\t\t\t\t<img fetchpriority=\"high\" decoding=\"async\" width=\"1600\" height=\"1100\" src=\"https:\/\/siapacoustics.com\/wp-content\/uploads\/2024\/12\/SIAP-DNK-Assen-zaal-hall-2.jpg\" class=\"attachment-full size-full wp-image-12919\" alt=\"\" srcset=\"https:\/\/siapacoustics.com\/wp-content\/uploads\/2024\/12\/SIAP-DNK-Assen-zaal-hall-2.jpg 1600w, https:\/\/siapacoustics.com\/wp-content\/uploads\/2024\/12\/SIAP-DNK-Assen-zaal-hall-2-300x206.jpg 300w, https:\/\/siapacoustics.com\/wp-content\/uploads\/2024\/12\/SIAP-DNK-Assen-zaal-hall-2-1024x704.jpg 1024w, https:\/\/siapacoustics.com\/wp-content\/uploads\/2024\/12\/SIAP-DNK-Assen-zaal-hall-2-768x528.jpg 768w, https:\/\/siapacoustics.com\/wp-content\/uploads\/2024\/12\/SIAP-DNK-Assen-zaal-hall-2-1536x1056.jpg 1536w\" sizes=\"(max-width: 1600px) 100vw, 1600px\" \/>\t\t\t\t\t\t\t\t\t\t\t\t\t<\/div>\n\t\t\t\t<\/div>\n\t\t\t\t<div class=\"elementor-element elementor-element-ed716c2 elementor-widget elementor-widget-heading\" data-id=\"ed716c2\" data-element_type=\"widget\" data-widget_type=\"heading.default\">\n\t\t\t\t<div class=\"elementor-widget-container\">\n\t\t\t<h2 class=\"elementor-heading-title elementor-size-default\">Maksimerer allsidigheten og kvaliteten p\u00e5 lokalet<\/h2>\t\t<\/div>\n\t\t\t\t<\/div>\n\t\t\t\t<div class=\"elementor-element elementor-element-04db502 elementor-widget elementor-widget-text-editor\" data-id=\"04db502\" data-element_type=\"widget\" data-widget_type=\"text-editor.default\">\n\t\t\t\t<div class=\"elementor-widget-container\">\n\t\t\t\t\t\t\t<p>Aktiv akustikk er et kostnadseffektivt alternativ til kostbare bygningsmessige endringer eller renoveringer. I stedet for \u00e5 investere i kostbare strukturelle endringer, forbedrer denne teknologien lokalets akustikk til en br\u00f8kdel av kostnaden. Den maksimerer allsidigheten og muliggj\u00f8r s\u00f8ml\u00f8s tilpasning til ulike arrangementer uten behov for betydelige fysiske endringer. Ved \u00e5 forbedre den generelle akustiske kvaliteten gj\u00f8r aktiv akustikk at du kan tilby eksepsjonelle opplevelser og samtidig holde kostnadene nede.   <\/p>\t\t\t\t\t\t<\/div>\n\t\t\t\t<\/div>\n\t\t\t\t<div class=\"elementor-element elementor-element-2150f5f elementor-widget elementor-widget-heading\" data-id=\"2150f5f\" data-element_type=\"widget\" data-widget_type=\"heading.default\">\n\t\t\t\t<div class=\"elementor-widget-container\">\n\t\t\t<h2 class=\"elementor-heading-title elementor-size-default\">Forbedret opplevelse for publikum og ut\u00f8vere<\/h2>\t\t<\/div>\n\t\t\t\t<\/div>\n\t\t\t\t<div class=\"elementor-element elementor-element-2a0c916 elementor-widget elementor-widget-text-editor\" data-id=\"2a0c916\" data-element_type=\"widget\" data-widget_type=\"text-editor.default\">\n\t\t\t\t<div class=\"elementor-widget-container\">\n\t\t\t\t\t\t\t<p>Eksepsjonell akustikk forvandler hvordan publikum f\u00e5r kontakt med lokalet ditt, og hvordan ut\u00f8verne leverer sitt beste arbeid. For publikum s\u00f8rger aktiv akustikk for at hvert ord og hver tone h\u00f8res krystallklart, slik at de blir dratt inn i en virkelig oppslukende opplevelse. For ut\u00f8verne gir akustikk som reagerer dynamisk p\u00e5 deres behov, trygghet og st\u00f8tte, slik at de kan levere sine beste prestasjoner. Enten det dreier seg om et arrangement med talte ord eller en fullskala musikkforestilling, bygger aktiv akustikk bro mellom artist og publikum, og skaper \u00f8yeblikk som gir gjenklang lenge etter at arrangementet er over.   <\/p>\t\t\t\t\t\t<\/div>\n\t\t\t\t<\/div>\n\t\t\t\t<div class=\"elementor-element elementor-element-5e62610 elementor-widget elementor-widget-heading\" data-id=\"5e62610\" data-element_type=\"widget\" data-widget_type=\"heading.default\">\n\t\t\t\t<div class=\"elementor-widget-container\">\n\t\t\t<h2 class=\"elementor-heading-title elementor-size-default\">Maksimer potensialet til lokalet ditt<\/h2>\t\t<\/div>\n\t\t\t\t<\/div>\n\t\t\t\t<div class=\"elementor-element elementor-element-f48505e elementor-widget elementor-widget-text-editor\" data-id=\"f48505e\" data-element_type=\"widget\" data-widget_type=\"text-editor.default\">\n\t\t\t\t<div class=\"elementor-widget-container\">\n\t\t\t\t\t\t\t<p>Tiden da et lokale var begrenset til ett enkelt form\u00e5l, er forbi. SIAPs aktive akustikk gj\u00f8r ethvert lokale til et kraftsenter med mange bruksomr\u00e5der, som kan huse alt fra intime teateroppsetninger til h\u00f8yenergiske livekonserter. Denne fleksibiliteten utvider ikke bare antallet arrangementer du kan v\u00e6re vertskap for, men \u00f8ker ogs\u00e5 inntektspotensialet ved \u00e5 tiltrekke deg et bredere utvalg av kunder. Ved \u00e5 gj\u00f8re lokalet ditt tilpasningsdyktig med et tastetrykk, s\u00f8rger aktiv akustikk for at lokalet ditt forblir konkurransedyktig, relevant og forberedt p\u00e5 \u00e5 m\u00f8te publikums og kundenes skiftende behov.   <\/p><p><a href=\"https:\/\/siapacoustics.com\/contact-us\/\">Kontakt oss i dag<\/a> for \u00e5 finne ut hvordan SIAP kan forvandle rommet ditt.<\/p>\t\t\t\t\t\t<\/div>\n\t\t\t\t<\/div>\n\t\t\t\t<\/div>\n\t\t\t\t<\/div>\n\t\t\t\t<\/div>\n\t\t\t\t\t<\/div>\n\t\t\t\t<\/div>\n\t\t<div class=\"elementor-element elementor-element-0c653ab e-flex e-con-boxed e-con e-parent\" data-id=\"0c653ab\" data-element_type=\"container\" data-settings=\"{&quot;jet_parallax_layout_list&quot;:[]}\">\n\t\t\t\t\t<div class=\"e-con-inner\">\n\t\t<div class=\"elementor-element elementor-element-1067344 e-con-full e-flex e-con e-child\" data-id=\"1067344\" data-element_type=\"container\" data-settings=\"{&quot;jet_parallax_layout_list&quot;:[]}\">\n\t\t\t\t<div class=\"elementor-element elementor-element-fc232f1 elementor-widget-divider--view-line elementor-widget elementor-widget-divider\" data-id=\"fc232f1\" data-element_type=\"widget\" data-widget_type=\"divider.default\">\n\t\t\t\t<div class=\"elementor-widget-container\">\n\t\t\t\t\t<div class=\"elementor-divider\">\n\t\t\t<span class=\"elementor-divider-separator\">\n\t\t\t\t\t\t<\/span>\n\t\t<\/div>\n\t\t\t\t<\/div>\n\t\t\t\t<\/div>\n\t\t<div class=\"elementor-element elementor-element-84c2c23 e-con-full e-flex e-con e-child\" data-id=\"84c2c23\" data-element_type=\"container\" data-settings=\"{&quot;jet_parallax_layout_list&quot;:[]}\">\n\t\t<div class=\"elementor-element elementor-element-cc5e576 e-con-full e-flex e-con e-child\" data-id=\"cc5e576\" data-element_type=\"container\" data-settings=\"{&quot;jet_parallax_layout_list&quot;:[]}\">\n\t\t\t\t<div class=\"elementor-element elementor-element-376520e elementor-widget elementor-widget-heading\" data-id=\"376520e\" data-element_type=\"widget\" data-widget_type=\"heading.default\">\n\t\t\t\t<div class=\"elementor-widget-container\">\n\t\t\t<h2 class=\"elementor-heading-title elementor-size-default\">NYHETSBREV<\/h2>\t\t<\/div>\n\t\t\t\t<\/div>\n\t\t\t\t<div class=\"elementor-element elementor-element-2efffa9 elementor-widget elementor-widget-text-editor\" data-id=\"2efffa9\" data-element_type=\"widget\" data-widget_type=\"text-editor.default\">\n\t\t\t\t<div class=\"elementor-widget-container\">\n\t\t\t\t\t\t\t<p>Abonner p\u00e5 nyhetsbrevet v\u00e5rt for \u00e5 f\u00e5 eksklusiv innsikt i v\u00e5re nyeste prosjekter, akustiske innovasjoner og kommende arrangementer! Bli den f\u00f8rste til \u00e5 h\u00f8re om demonstrasjonsmuligheter, fra intime rom til store arenaer, der du kan oppleve SIAPs forskjell med egne \u00f8yne. Bli med i fellesskapet v\u00e5rt i dag og hold deg oppdatert p\u00e5 alt som skjer hos SIAP!  <\/p>\t\t\t\t\t\t<\/div>\n\t\t\t\t<\/div>\n\t\t<div class=\"elementor-element elementor-element-8d1de72 e-con-full e-flex e-con e-child\" data-id=\"8d1de72\" data-element_type=\"container\" data-settings=\"{&quot;jet_parallax_layout_list&quot;:[]}\">\n\t\t\t\t<div class=\"elementor-element elementor-element-ae6e41c elementor-widget elementor-widget-metform\" data-id=\"ae6e41c\" data-element_type=\"widget\" data-widget_type=\"metform.default\">\n\t\t\t\t<div class=\"elementor-widget-container\">\n\t\t\t<div id=\"mf-response-props-id-9492\" data-previous-steps-style=\"\" data-editswitchopen=\"\" data-response_type=\"alert\" data-erroricon=\"fas fa-exclamation-triangle\" data-successicon=\"fas fa-check\" data-messageposition=\"top\" class=\"   mf-scroll-top-no\">\n\t\t<div class=\"formpicker_warper formpicker_warper_editable\" data-metform-formpicker-key=\"9492\" >\n\t\t\t\t\n\t\t\t<div class=\"mf-widget-container\">\n\t\t\t\t\r\n\t\t<div\r\n\t\t\tid=\"metform-wrap-ae6e41c-9492\"\r\n\t\t\tclass=\"mf-form-wrapper\"\r\n\t\t\tdata-form-id=\"9492\"\r\n\t\t\tdata-action=\"https:\/\/siapacoustics.com\/no\/wp-json\/metform\/v1\/entries\/insert\/9492\"\r\n\t\t\tdata-wp-nonce=\"26f6c04739\"\r\n\t\t\tdata-form-nonce=\"9dc8cc9225\"\r\n\t\t\tdata-quiz-summery = \"false\"\r\n\t\t\tdata-save-progress = \"false\"\r\n\t\t\tdata-form-type=\"general-form\"\r\n\t\t\tdata-stop-vertical-effect=\"\"\r\n\t\t\t><\/div>\r\n\r\n\r\n\t\t<!----------------------------- \r\n\t\t\t* controls_data : find the the props passed indie of data attribute\r\n\t\t\t* props.SubmitResponseMarkup : contains the markup of error or success message\r\n\t\t\t* https:\/\/developer.mozilla.org\/en-US\/docs\/Web\/JavaScript\/Reference\/Template_literals\r\n\t\t--------------------------- -->\r\n\r\n\t\t\t\t<script type=\"text\/mf\" class=\"mf-template\">\r\n\t\t\tfunction controls_data (value){\r\n\t\t\t\tlet currentWrapper = \"mf-response-props-id-9492\";\r\n\t\t\t\tlet currentEl = document.getElementById(currentWrapper);\r\n\t\t\t\t\r\n\t\t\t\treturn currentEl ? currentEl.dataset[value] : false\r\n\t\t\t}\r\n\r\n\r\n\t\t\tlet is_edit_mode = '' ? true : false;\r\n\t\t\tlet message_position = controls_data('messageposition') || 'top';\r\n\r\n\t\t\t\r\n\t\t\tlet message_successIcon = controls_data('successicon') || '';\r\n\t\t\tlet message_errorIcon = controls_data('erroricon') || '';\r\n\t\t\tlet message_editSwitch = controls_data('editswitchopen') === 'yes' ? true : false;\r\n\t\t\tlet message_proClass = controls_data('editswitchopen') === 'yes' ? 'mf_pro_activated' : '';\r\n\t\t\t\r\n\t\t\tlet is_dummy_markup = is_edit_mode && message_editSwitch ? true : false;\r\n\r\n\t\t\t\r\n\t\t\treturn html`\r\n\t\t\t\t<form\r\n\t\t\t\t\tclassName=\"metform-form-content\"\r\n\t\t\t\t\tref=${parent.formContainerRef}\r\n\t\t\t\t\tonSubmit=${ validation.handleSubmit( parent.handleFormSubmit ) }\r\n\t\t\t\t\r\n\t\t\t\t\t>\r\n\t\t\t\r\n\t\t\t\r\n\t\t\t\t\t${is_dummy_markup ? message_position === 'top' ?  props.ResponseDummyMarkup(message_successIcon, message_proClass) : '' : ''}\r\n\t\t\t\t\t${is_dummy_markup ? ' ' :  message_position === 'top' ? props.SubmitResponseMarkup`${parent}${state}${message_successIcon}${message_errorIcon}${message_proClass}` : ''}\r\n\r\n\t\t\t\t\t<!--------------------------------------------------------\r\n\t\t\t\t\t*** IMPORTANT \/ DANGEROUS ***\r\n\t\t\t\t\t${html``} must be used as in immediate child of \"metform-form-main-wrapper\"\r\n\t\t\t\t\tclass otherwise multistep form will not run at all\r\n\t\t\t\t\t---------------------------------------------------------->\r\n\r\n\t\t\t\t\t<div className=\"metform-form-main-wrapper\" key=${'hide-form-after-submit'} ref=${parent.formRef}>\r\n\t\t\t\t\t${html`\r\n\t\t\t\t\t\t\t\t<div data-elementor-type=\"wp-post\" key=\"2\" data-elementor-id=\"9492\" className=\"elementor elementor-9492\" data-elementor-post-type=\"metform-form\">\n\t\t\t\t<div className=\"elementor-element elementor-element-c08075d e-con-full e-flex e-con e-parent\" data-id=\"c08075d\" data-element_type=\"container\" data-settings=\"{&quot;jet_parallax_layout_list&quot;:[]}\">\n\t\t<div className=\"elementor-element elementor-element-87ffd3a e-con-full e-flex e-con e-child\" data-id=\"87ffd3a\" data-element_type=\"container\" data-settings=\"{&quot;jet_parallax_layout_list&quot;:[]}\">\n\t\t\t\t<div className=\"elementor-element elementor-element-35b9446 elementor-widget__width-initial elementor-widget-tablet__width-inherit elementor-widget elementor-widget-mf-email\" data-id=\"35b9446\" data-element_type=\"widget\" data-settings=\"{&quot;mf_input_name&quot;:&quot;mf-email&quot;}\" data-widget_type=\"mf-email.default\">\n\t\t\t\t<div className=\"elementor-widget-container\">\n\t\t\t\r\n\t\t<div className=\"mf-input-wrapper\">\r\n\t\t\t\r\n\t\t\t<input \r\n\t\t\t\ttype=\"email\" \r\n\t\t\t\t \r\n\t\t\t\tdefaultValue=\"\" \r\n\t\t\t\tclassName=\"mf-input mf-conditional-input\" \r\n\t\t\t\tid=\"mf-input-email-35b9446\" \r\n\t\t\t\tname=\"mf-email\" \r\n\t\t\t\tplaceholder=\"${ parent.decodeEntities(`E-mail Address `) } \" \r\n\t\t\t\t \r\n\t\t\t\tonBlur=${parent.handleChange} onFocus=${parent.handleChange} aria-invalid=${validation.errors['mf-email'] ? 'true' : 'false' } \r\n\t\t\t\tref=${el=> parent.activateValidation({\"message\":\"This field is required.\",\"emailMessage\":\"Please enter a valid Email address\",\"minLength\":1,\"maxLength\":\"\",\"type\":\"none\",\"required\":true,\"expression\":\"null\"}, el)}\r\n\t\t\t\t\t\t\t\/>\r\n\r\n\t\t\t\t\t\t<${validation.ErrorMessage} \r\n\t\t\t\terrors=${validation.errors} \r\n\t\t\t\tname=\"mf-email\" \r\n\t\t\t\tas=${html`<span className=\"mf-error-message\"><\/span>`}\r\n\t\t\t\/>\r\n\t\t\t\r\n\t\t\t\t\t<\/div>\r\n\r\n\t\t<\/div>\n\t\t\t\t<\/div>\n\t\t\t\t<div className=\"elementor-element elementor-element-0cd230c elementor-widget__width-initial elementor-widget-tablet__width-inherit elementor-widget elementor-widget-mf-text\" data-id=\"0cd230c\" data-element_type=\"widget\" data-settings=\"{&quot;mf_input_name&quot;:&quot;mf-first-name&quot;}\" data-widget_type=\"mf-text.default\">\n\t\t\t\t<div className=\"elementor-widget-container\">\n\t\t\t\r\n\t\t<div className=\"mf-input-wrapper\">\r\n\t\t\t\r\n\t\t\t<input\r\n\t\t\t\ttype=\"text\"\r\n\t\t\t\tclassName=\"mf-input mf-conditional-input\"\r\n\t\t\t\tid=\"mf-input-text-0cd230c\"\r\n\t\t\t\tname=\"mf-first-name\"\r\n\t\t\t\tplaceholder=\"${ parent.decodeEntities(`First Name`) } \"\r\n\t\t\t\t\t\t\t\t\tonInput=${parent.handleChange}\r\n\t\t\t\t\tonBlur=${parent.handleChange}\r\n\t\t\t\t\taria-invalid=${validation.errors['mf-first-name'] ? 'true' : 'false'}\r\n\t\t\t\t\tref=${el =>{\r\n\t\t\t\t\t\t\t\t\t\t\t\tparent.activateValidation({\"message\":\"This field is required.\",\"minLength\":1,\"maxLength\":\"\",\"type\":\"none\",\"required\":true,\"expression\":\"null\"}, el)\r\n\t\t\t\t\t}}\r\n\t\t\t\t\t\t\t\t\/>\r\n\r\n\t\t\t\t\t\t\t<${validation.ErrorMessage}\r\n\t\t\t\t\terrors=${validation.errors}\r\n\t\t\t\t\tname=\"mf-first-name\"\r\n\t\t\t\t\tas=${html`<span className=\"mf-error-message\"><\/span>`}\r\n\t\t\t\t\t\/>\r\n\t\t\t\r\n\t\t\t\t\t<\/div>\r\n\r\n\t\t\t\t<\/div>\n\t\t\t\t<\/div>\n\t\t\t\t<div className=\"elementor-element elementor-element-450694b elementor-widget__width-initial elementor-widget-tablet__width-inherit elementor-widget elementor-widget-mf-text\" data-id=\"450694b\" data-element_type=\"widget\" data-settings=\"{&quot;mf_input_name&quot;:&quot;mf-last-name&quot;}\" data-widget_type=\"mf-text.default\">\n\t\t\t\t<div className=\"elementor-widget-container\">\n\t\t\t\r\n\t\t<div className=\"mf-input-wrapper\">\r\n\t\t\t\r\n\t\t\t<input\r\n\t\t\t\ttype=\"text\"\r\n\t\t\t\tclassName=\"mf-input mf-conditional-input\"\r\n\t\t\t\tid=\"mf-input-text-450694b\"\r\n\t\t\t\tname=\"mf-last-name\"\r\n\t\t\t\tplaceholder=\"${ parent.decodeEntities(`Last Name`) } \"\r\n\t\t\t\t\t\t\t\t\tonInput=${parent.handleChange}\r\n\t\t\t\t\tonBlur=${parent.handleChange}\r\n\t\t\t\t\taria-invalid=${validation.errors['mf-last-name'] ? 'true' : 'false'}\r\n\t\t\t\t\tref=${el =>{\r\n\t\t\t\t\t\t\t\t\t\t\t\tparent.activateValidation({\"message\":\"This field is required.\",\"minLength\":1,\"maxLength\":\"\",\"type\":\"none\",\"required\":true,\"expression\":\"null\"}, el)\r\n\t\t\t\t\t}}\r\n\t\t\t\t\t\t\t\t\/>\r\n\r\n\t\t\t\t\t\t\t<${validation.ErrorMessage}\r\n\t\t\t\t\terrors=${validation.errors}\r\n\t\t\t\t\tname=\"mf-last-name\"\r\n\t\t\t\t\tas=${html`<span className=\"mf-error-message\"><\/span>`}\r\n\t\t\t\t\t\/>\r\n\t\t\t\r\n\t\t\t\t\t<\/div>\r\n\r\n\t\t\t\t<\/div>\n\t\t\t\t<\/div>\n\t\t\t\t<div className=\"elementor-element elementor-element-5c5420f mf-btn--left elementor-widget__width-initial elementor-widget-mobile__width-initial elementor-widget elementor-widget-mf-button\" data-id=\"5c5420f\" data-element_type=\"widget\" data-widget_type=\"mf-button.default\">\n\t\t\t\t<div className=\"elementor-widget-container\">\n\t\t\t\t\t<div className=\"mf-btn-wraper mf-conditional-input\" data-mf-form-conditional-logic-requirement=\"\">\r\n\t\t\t\t\t\t\t<button type=\"submit\" className=\"metform-btn metform-submit-btn \" id=\"\">\r\n\t\t\t\t\t<span>${ parent.decodeEntities(`Send Now`) } <\/span>\r\n\t\t\t\t\t<i aria-hidden=\"true\" className=\"rt rt-arrow-right-long\"><\/i>\t\t\t\t<\/button>\r\n\t\t\t        <\/div>\r\n        \t\t<\/div>\n\t\t\t\t<\/div>\n\t\t\t\t<\/div>\n\t\t\t\t<\/div>\n\t\t\t\t<\/div>\n\t\t\t\t\t\t\t`}\r\n\t\t\t\t\t<\/div>\r\n\r\n\t\t\t\t\t${is_dummy_markup ? message_position === 'bottom' ? props.ResponseDummyMarkup(message_successIcon, message_proClass) : '' : ''}\r\n\t\t\t\t\t${is_dummy_markup ? ' ' : message_position === 'bottom' ? props.SubmitResponseMarkup`${parent}${state}${message_successIcon}${message_errorIcon}${message_proClass}` : ''}\r\n\t\t\t\t\r\n\t\t\t\t<\/form>\r\n\t\t\t`\r\n\t\t<\/script>\r\n\r\n\t\t\t\t\t<\/div>\n\t\t<\/div>\n\t\t<\/div>\t\t<\/div>\n\t\t\t\t<\/div>\n\t\t\t\t<\/div>\n\t\t\t\t<\/div>\n\t\t<div class=\"elementor-element elementor-element-6b67e69 e-con-full e-flex e-con e-child\" data-id=\"6b67e69\" data-element_type=\"container\" data-settings=\"{&quot;jet_parallax_layout_list&quot;:[]}\">\n\t\t\t\t<div class=\"elementor-element elementor-element-2610159 elementor-widget elementor-widget-heading\" data-id=\"2610159\" data-element_type=\"widget\" data-widget_type=\"heading.default\">\n\t\t\t\t<div class=\"elementor-widget-container\">\n\t\t\t<h2 class=\"elementor-heading-title elementor-size-default\">F\u00f8lg oss<\/h2>\t\t<\/div>\n\t\t\t\t<\/div>\n\t\t\t\t<div class=\"elementor-element elementor-element-a72256c elementor-icon-list--layout-inline text-underline elementor-list-item-link-full_width elementor-widget elementor-widget-global elementor-global-13272 elementor-global-9807 elementor-widget-icon-list\" data-id=\"a72256c\" data-element_type=\"widget\" data-widget_type=\"icon-list.default\">\n\t\t\t\t<div class=\"elementor-widget-container\">\n\t\t\t\t\t<ul class=\"elementor-icon-list-items elementor-inline-items\">\n\t\t\t\t\t\t\t<li class=\"elementor-icon-list-item elementor-inline-item\">\n\t\t\t\t\t\t\t\t\t\t\t<a href=\"https:\/\/www.linkedin.com\/company\/siap-acoustic-systems-b-v-\/\" target=\"_blank\">\n\n\t\t\t\t\t\t\t\t\t\t\t<span class=\"elementor-icon-list-text\">LinkedIn  <\/span>\n\t\t\t\t\t\t\t\t\t\t\t<\/a>\n\t\t\t\t\t\t\t\t\t<\/li>\n\t\t\t\t\t\t\t\t<li class=\"elementor-icon-list-item elementor-inline-item\">\n\t\t\t\t\t\t\t\t\t\t\t<a href=\"https:\/\/www.facebook.com\/siapacoustics\" target=\"_blank\">\n\n\t\t\t\t\t\t\t\t\t\t\t<span class=\"elementor-icon-list-text\">Facebook  <\/span>\n\t\t\t\t\t\t\t\t\t\t\t<\/a>\n\t\t\t\t\t\t\t\t\t<\/li>\n\t\t\t\t\t\t\t\t<li class=\"elementor-icon-list-item elementor-inline-item\">\n\t\t\t\t\t\t\t\t\t\t\t<a href=\"https:\/\/www.youtube.com\/@siapacoustics\" target=\"_blank\">\n\n\t\t\t\t\t\t\t\t\t\t\t<span class=\"elementor-icon-list-text\">Youtube<\/span>\n\t\t\t\t\t\t\t\t\t\t\t<\/a>\n\t\t\t\t\t\t\t\t\t<\/li>\n\t\t\t\t\t\t<\/ul>\n\t\t\t\t<\/div>\n\t\t\t\t<\/div>\n\t\t\t\t<\/div>\n\t\t\t\t<\/div>\n\t\t\t\t<\/div>\n\t\t\t\t\t<\/div>\n\t\t\t\t<\/div>\n\t\t\t\t<\/div>\n\t\t","protected":false},"excerpt":{"rendered":"<p>FORDELENE MED AKTIV AKUSTIKK? en game-changer for arenaer Aktiv akustikk er mer enn bare lydforbedring - det er en game-changer for arenaer av alle st\u00f8rrelser. Enten det dreier seg om en teaterforestilling, livekonsert eller bedriftskonferanse, s\u00f8rger denne teknologien for at hver lyd er perfekt optimalisert for \u00e5 skape et tilpasningsdyktig og oppslukende milj\u00f8. Aktiv akustikk&#8230;<\/p>\n","protected":false},"author":1,"featured_media":0,"parent":0,"menu_order":0,"comment_status":"closed","ping_status":"closed","template":"","meta":{"_monsterinsights_skip_tracking":false,"_monsterinsights_sitenote_active":false,"_monsterinsights_sitenote_note":"","_monsterinsights_sitenote_category":0,"footnotes":""},"class_list":["post-13155","page","type-page","status-publish","hentry"],"aioseo_notices":[],"_links":{"self":[{"href":"https:\/\/siapacoustics.com\/no\/wp-json\/wp\/v2\/pages\/13155","targetHints":{"allow":["GET"]}}],"collection":[{"href":"https:\/\/siapacoustics.com\/no\/wp-json\/wp\/v2\/pages"}],"about":[{"href":"https:\/\/siapacoustics.com\/no\/wp-json\/wp\/v2\/types\/page"}],"author":[{"embeddable":true,"href":"https:\/\/siapacoustics.com\/no\/wp-json\/wp\/v2\/users\/1"}],"replies":[{"embeddable":true,"href":"https:\/\/siapacoustics.com\/no\/wp-json\/wp\/v2\/comments?post=13155"}],"version-history":[{"count":1,"href":"https:\/\/siapacoustics.com\/no\/wp-json\/wp\/v2\/pages\/13155\/revisions"}],"predecessor-version":[{"id":13157,"href":"https:\/\/siapacoustics.com\/no\/wp-json\/wp\/v2\/pages\/13155\/revisions\/13157"}],"wp:attachment":[{"href":"https:\/\/siapacoustics.com\/no\/wp-json\/wp\/v2\/media?parent=13155"}],"curies":[{"name":"wp","href":"https:\/\/api.w.org\/{rel}","templated":true}]}}