{"id":13052,"date":"2025-02-13T13:22:18","date_gmt":"2025-02-13T13:22:18","guid":{"rendered":"https:\/\/siapacoustics.com\/siap-qsys-plugin\/"},"modified":"2025-02-15T05:15:21","modified_gmt":"2025-02-15T05:15:21","slug":"siap-qsys-plugin","status":"publish","type":"page","link":"https:\/\/siapacoustics.com\/no\/siap-qsys-plugin\/","title":{"rendered":"siap-qsys-plugin"},"content":{"rendered":"\t\t<div data-elementor-type=\"wp-page\" data-elementor-id=\"13052\" class=\"elementor elementor-13052 elementor-12684\" data-elementor-post-type=\"page\">\n\t\t\t\t<div class=\"elementor-element elementor-element-94cb9af e-flex e-con-boxed e-con e-parent\" data-id=\"94cb9af\" data-element_type=\"container\" data-settings=\"{&quot;background_background&quot;:&quot;video&quot;,&quot;background_video_link&quot;:&quot;https:\\\/\\\/vimeo.com\\\/1038611482?&quot;,&quot;jet_parallax_layout_list&quot;:[]}\">\n\t\t\t\t\t<div class=\"e-con-inner\">\n\t\t<div class=\"elementor-background-video-container elementor-hidden-mobile\">\n\t\t\t\t\t\t\t<div class=\"elementor-background-video-embed\"><\/div>\n\t\t\t\t\t\t<\/div>\t\t\t<\/div>\n\t\t\t\t<\/div>\n\t\t<div class=\"elementor-element elementor-element-1593b72 e-flex e-con-boxed e-con e-parent\" data-id=\"1593b72\" data-element_type=\"container\" data-settings=\"{&quot;jet_parallax_layout_list&quot;:[]}\">\n\t\t\t\t\t<div class=\"e-con-inner\">\n\t\t<div class=\"elementor-element elementor-element-b23f673 e-con-full e-flex e-con e-child\" data-id=\"b23f673\" data-element_type=\"container\" data-settings=\"{&quot;jet_parallax_layout_list&quot;:[]}\">\n\t\t\t\t<div class=\"elementor-element elementor-element-035761b elementor-widget elementor-widget-heading\" data-id=\"035761b\" data-element_type=\"widget\" data-widget_type=\"heading.default\">\n\t\t\t\t<div class=\"elementor-widget-container\">\n\t\t\t<h1 class=\"elementor-heading-title elementor-size-default\">PRESSEMELDING: SIAP Acoustics lanserer Q-SYS-sertifisert AVA Series Plugin<\/h1>\t\t<\/div>\n\t\t\t\t<\/div>\n\t\t\t\t<div class=\"elementor-element elementor-element-8a93da7 elementor-widget-divider--view-line elementor-widget elementor-widget-divider\" data-id=\"8a93da7\" data-element_type=\"widget\" data-widget_type=\"divider.default\">\n\t\t\t\t<div class=\"elementor-widget-container\">\n\t\t\t\t\t<div class=\"elementor-divider\">\n\t\t\t<span class=\"elementor-divider-separator\">\n\t\t\t\t\t\t<\/span>\n\t\t<\/div>\n\t\t\t\t<\/div>\n\t\t\t\t<\/div>\n\t\t<div class=\"elementor-element elementor-element-7d987be e-con-full e-flex e-con e-child\" data-id=\"7d987be\" data-element_type=\"container\" data-settings=\"{&quot;jet_parallax_layout_list&quot;:[]}\">\n\t\t<div class=\"elementor-element elementor-element-82ec86e e-con-full e-flex e-con e-child\" data-id=\"82ec86e\" data-element_type=\"container\" data-settings=\"{&quot;jet_parallax_layout_list&quot;:[]}\">\n\t\t\t\t<div class=\"elementor-element elementor-element-2ca9112 elementor-widget elementor-widget-heading\" data-id=\"2ca9112\" data-element_type=\"widget\" data-widget_type=\"heading.default\">\n\t\t\t\t<div class=\"elementor-widget-container\">\n\t\t\t<h2 class=\"elementor-heading-title elementor-size-default\">SIAP ACOUSTICS lanserer en ny teknologiplugin-integrasjon for Q-SYS  <\/h2>\t\t<\/div>\n\t\t\t\t<\/div>\n\t\t\t\t<div class=\"elementor-element elementor-element-554acc7 elementor-widget elementor-widget-text-editor\" data-id=\"554acc7\" data-element_type=\"widget\" data-widget_type=\"text-editor.default\">\n\t\t\t\t<div class=\"elementor-widget-container\">\n\t\t\t\t\t\t\t<p><strong>Uden, Nederland, februar 2025<\/strong> SIAP Acoustics, ledende innen akustisk ekspertise, kunngj\u00f8r sin nye Q-SYS plugin-integrasjon, SIAP AVA Series. Som en bidragsyter til Q-SYS Ecosystem har SIAP Acoustics samarbeidet med <a href=\"https:\/\/www.qsys.com\/products-solutions\/q-sys\/\">Q-SYS<\/a> for \u00e5 skape en markedsklar kontroll\u00f8sning som enkelt kan integreres i Q-SYS, en skyadministrerbar lyd-, video- og kontrollplattform. <\/p><p>SIAP Acoustics har samarbeidet tett med Q-SYS, som har godkjent og godkjent f\u00f8lgende plugin-integrasjon med et Q-SYS Certified-merke (utviklet med Q-SYS og st\u00f8ttet av SIAP Acoustics og Q-SYS):<\/p>\t\t\t\t\t\t<\/div>\n\t\t\t\t<\/div>\n\t\t\t\t<div class=\"elementor-element elementor-element-6c01824 elementor-widget elementor-widget-image\" data-id=\"6c01824\" data-element_type=\"widget\" data-widget_type=\"image.default\">\n\t\t\t\t<div class=\"elementor-widget-container\">\n\t\t\t\t\t\t\t\t\t\t\t\t\t<img fetchpriority=\"high\" decoding=\"async\" width=\"1200\" height=\"400\" src=\"https:\/\/siapacoustics.com\/wp-content\/uploads\/2025\/02\/SIAP-Q-SYS-Plugin-release-news-item.jpg\" class=\"attachment-full size-full wp-image-13013\" alt=\"\" srcset=\"https:\/\/siapacoustics.com\/wp-content\/uploads\/2025\/02\/SIAP-Q-SYS-Plugin-release-news-item.jpg 1200w, https:\/\/siapacoustics.com\/wp-content\/uploads\/2025\/02\/SIAP-Q-SYS-Plugin-release-news-item-300x100.jpg 300w, https:\/\/siapacoustics.com\/wp-content\/uploads\/2025\/02\/SIAP-Q-SYS-Plugin-release-news-item-1024x341.jpg 1024w, https:\/\/siapacoustics.com\/wp-content\/uploads\/2025\/02\/SIAP-Q-SYS-Plugin-release-news-item-768x256.jpg 768w\" sizes=\"(max-width: 1200px) 100vw, 1200px\" \/>\t\t\t\t\t\t\t\t\t\t\t\t\t<\/div>\n\t\t\t\t<\/div>\n\t\t\t\t<div class=\"elementor-element elementor-element-ed716c2 elementor-widget elementor-widget-heading\" data-id=\"ed716c2\" data-element_type=\"widget\" data-widget_type=\"heading.default\">\n\t\t\t\t<div class=\"elementor-widget-container\">\n\t\t\t<h2 class=\"elementor-heading-title elementor-size-default\">SIAP AVA Series Plugin<\/h2>\t\t<\/div>\n\t\t\t\t<\/div>\n\t\t\t\t<div class=\"elementor-element elementor-element-04db502 elementor-widget elementor-widget-text-editor\" data-id=\"04db502\" data-element_type=\"widget\" data-widget_type=\"text-editor.default\">\n\t\t\t\t<div class=\"elementor-widget-container\">\n\t\t\t\t\t\t\t<p>Q-SYS SIAP AVA Series-plugin-modulen muliggj\u00f8r s\u00f8ml\u00f8s kontroll og overv\u00e5king av SIAPs avanserte aktive akustiske systemer. Plugin-modulen kobles til via et IP-nettverk og gir tilgang til og kontroll over forh\u00e5ndsinnstillinger i AVA-serien og viktige systemfunksjoner for \u00e5 oppfylle de unike kravene til ethvert arrangement. AVA-serien er en fleksibel, intuitiv og robust l\u00f8sning for \u00e5 optimalisere romlige og oppslukende akustiske forestillinger. Den er designet for \u00e5 tilpasse seg lokaler av alle st\u00f8rrelser, og tilbyr uovertruffen fleksibilitet, balanse og presisjon - og forvandler akustiske milj\u00f8er med <span style=\"color: var( --e-global-color-secondary ); font-family: var( --e-global-typography-text-font-family ), Sans-serif; font-size: var( --e-global-typography-text-font-size ); font-weight: var( --e-global-typography-text-font-weight );\">naturlig, uber\u00f8rt lydkvalitet som er skreddersydd til enhver forestilling eller ethvert arrangement.<\/span>   <\/p>\t\t\t\t\t\t<\/div>\n\t\t\t\t<\/div>\n\t\t\t\t<div class=\"elementor-element elementor-element-2a0c916 elementor-widget elementor-widget-text-editor\" data-id=\"2a0c916\" data-element_type=\"widget\" data-widget_type=\"text-editor.default\">\n\t\t\t\t<div class=\"elementor-widget-container\">\n\t\t\t\t\t\t\t<p><strong>Reinout Gerlach <\/strong>, administrerende direkt\u00f8r i SIAP Acoustics, sier: <em>&laquo;Vi er glade for \u00e5 kunne tilby muligheten til \u00e5 kontrollere v\u00e5rt aktive akustikksystem fullt ut ved hjelp av v\u00e5r plugin i Q-SYS-plattformen. Dette er en viktig milep\u00e6l i v\u00e5re ambisi\u00f8se planer for de kommende \u00e5rene. Integrasjonen markerer begynnelsen p\u00e5 en st\u00f8rre visjon om \u00e5 skape en enhetlig l\u00f8sning som vil redefinere hvordan akustikk og lyd oppleves p\u00e5 arenaer over hele verden.&raquo;<\/em><\/p>\n<p>&laquo;Vi er stolte av samarbeidet med SIAP Acoustics for \u00e5 skape en plugin-integrasjon som vil forbedre lydopplevelsen p\u00e5 tvers av felles kundeinstallasjoner&raquo;, sier <strong>Geno Zaharie<\/strong>, Senior Director, Alliances &amp; Ecosystem, Q-SYS.<\/p>\n<p>For mer informasjon om SIAP Acoustics, bes\u00f8k <a href=\"http:\/\/www.siapacoustics.com\">www.siapacoustics.com.<\/a><\/p>\n<p><strong>Om SIAP Ac<\/strong>oustics <strong><br> SIAP Acoustics er en pioner innen aktiv variabel akustikkteknologi, og tilbyr innovative og skreddersydde l\u00f8sninger som forvandler det akustiske milj\u00f8et i ethvert lokale. SIAP Acoustics spesialiserer seg p\u00e5 teatre, auditorier, konsertsaler og bedriftslokaler, og benytter en unik tiln\u00e6rming som kombinerer avansert teknologi med en dyp forst\u00e5else av akustisk design. V\u00e5re skreddersydde systemer tilpasser seg dynamisk til de spesifikke behovene til hver forestilling, og leverer eksepsjonell lydkvalitet og forbedrer den akustiske opplevelsen. I tillegg bidrar v\u00e5r integrering av romlig lyd til \u00e5 skape et enda bedre lydmilj\u00f8 for b\u00e5de publikum og ut\u00f8vere.<\/strong>   <\/p>\n<p><img decoding=\"async\" class=\"emoji\" role=\"img\" draggable=\"false\" src=\"https:\/\/s.w.org\/images\/core\/emoji\/15.0.3\/svg\/1f449.svg\" alt=\"\ud83d\udc49\">  Finn ut mer om SIAP Acoustics og Q-SYS Plugin p\u00e5 Q-SYS&#8217; nettsted&nbsp;<a href=\"https:\/\/www.qsys.com\/alliances-partnerships\/siap-acoustic-systems\/\">her.<\/a><\/p>\t\t\t\t\t\t<\/div>\n\t\t\t\t<\/div>\n\t\t\t\t<div class=\"elementor-element elementor-element-f48505e elementor-widget elementor-widget-text-editor\" data-id=\"f48505e\" data-element_type=\"widget\" data-widget_type=\"text-editor.default\">\n\t\t\t\t<div class=\"elementor-widget-container\">\n\t\t\t\t\t\t\t<p><a href=\"https:\/\/siapacoustics.com\/contact-us\/\">Kontakt oss i dag<\/a> for \u00e5 finne ut hvordan SIAP kan forvandle rommet ditt.<\/p>\t\t\t\t\t\t<\/div>\n\t\t\t\t<\/div>\n\t\t\t\t<\/div>\n\t\t\t\t<\/div>\n\t\t\t\t<\/div>\n\t\t\t\t\t<\/div>\n\t\t\t\t<\/div>\n\t\t<div class=\"elementor-element elementor-element-0c653ab e-flex e-con-boxed e-con e-parent\" data-id=\"0c653ab\" data-element_type=\"container\" data-settings=\"{&quot;jet_parallax_layout_list&quot;:[]}\">\n\t\t\t\t\t<div class=\"e-con-inner\">\n\t\t<div class=\"elementor-element elementor-element-1067344 e-con-full e-flex e-con e-child\" data-id=\"1067344\" data-element_type=\"container\" data-settings=\"{&quot;jet_parallax_layout_list&quot;:[]}\">\n\t\t\t\t<div class=\"elementor-element elementor-element-fc232f1 elementor-widget-divider--view-line elementor-widget elementor-widget-divider\" data-id=\"fc232f1\" data-element_type=\"widget\" data-widget_type=\"divider.default\">\n\t\t\t\t<div class=\"elementor-widget-container\">\n\t\t\t\t\t<div class=\"elementor-divider\">\n\t\t\t<span class=\"elementor-divider-separator\">\n\t\t\t\t\t\t<\/span>\n\t\t<\/div>\n\t\t\t\t<\/div>\n\t\t\t\t<\/div>\n\t\t<div class=\"elementor-element elementor-element-84c2c23 e-con-full e-flex e-con e-child\" data-id=\"84c2c23\" data-element_type=\"container\" data-settings=\"{&quot;jet_parallax_layout_list&quot;:[]}\">\n\t\t<div class=\"elementor-element elementor-element-cc5e576 e-con-full e-flex e-con e-child\" data-id=\"cc5e576\" data-element_type=\"container\" data-settings=\"{&quot;jet_parallax_layout_list&quot;:[]}\">\n\t\t\t\t<div class=\"elementor-element elementor-element-376520e elementor-widget elementor-widget-heading\" data-id=\"376520e\" data-element_type=\"widget\" data-widget_type=\"heading.default\">\n\t\t\t\t<div class=\"elementor-widget-container\">\n\t\t\t<h2 class=\"elementor-heading-title elementor-size-default\">NYHETSBREV<\/h2>\t\t<\/div>\n\t\t\t\t<\/div>\n\t\t\t\t<div class=\"elementor-element elementor-element-2efffa9 elementor-widget elementor-widget-text-editor\" data-id=\"2efffa9\" data-element_type=\"widget\" data-widget_type=\"text-editor.default\">\n\t\t\t\t<div class=\"elementor-widget-container\">\n\t\t\t\t\t\t\t<p>Abonner p\u00e5 nyhetsbrevet v\u00e5rt for \u00e5 f\u00e5 eksklusiv innsikt i v\u00e5re nyeste prosjekter, akustiske innovasjoner og kommende arrangementer! Bli den f\u00f8rste til \u00e5 h\u00f8re om demonstrasjonsmuligheter, fra intime rom til store arenaer, der du kan oppleve SIAPs forskjell med egne \u00f8yne. Bli med i fellesskapet v\u00e5rt i dag og hold deg oppdatert p\u00e5 alt som skjer hos SIAP!  <\/p>\t\t\t\t\t\t<\/div>\n\t\t\t\t<\/div>\n\t\t<div class=\"elementor-element elementor-element-8d1de72 e-con-full e-flex e-con e-child\" data-id=\"8d1de72\" data-element_type=\"container\" data-settings=\"{&quot;jet_parallax_layout_list&quot;:[]}\">\n\t\t\t\t<div class=\"elementor-element elementor-element-ae6e41c elementor-widget elementor-widget-metform\" data-id=\"ae6e41c\" data-element_type=\"widget\" data-widget_type=\"metform.default\">\n\t\t\t\t<div class=\"elementor-widget-container\">\n\t\t\t<div id=\"mf-response-props-id-9492\" data-previous-steps-style=\"\" data-editswitchopen=\"\" data-response_type=\"alert\" data-erroricon=\"fas fa-exclamation-triangle\" data-successicon=\"fas fa-check\" data-messageposition=\"top\" class=\"   mf-scroll-top-no\">\n\t\t<div class=\"formpicker_warper formpicker_warper_editable\" data-metform-formpicker-key=\"9492\" >\n\t\t\t\t\n\t\t\t<div class=\"mf-widget-container\">\n\t\t\t\t\r\n\t\t<div\r\n\t\t\tid=\"metform-wrap-ae6e41c-9492\"\r\n\t\t\tclass=\"mf-form-wrapper\"\r\n\t\t\tdata-form-id=\"9492\"\r\n\t\t\tdata-action=\"https:\/\/siapacoustics.com\/no\/wp-json\/metform\/v1\/entries\/insert\/9492\"\r\n\t\t\tdata-wp-nonce=\"aef461b596\"\r\n\t\t\tdata-form-nonce=\"6125fc5b5b\"\r\n\t\t\tdata-quiz-summery = \"false\"\r\n\t\t\tdata-save-progress = \"false\"\r\n\t\t\tdata-form-type=\"general-form\"\r\n\t\t\tdata-stop-vertical-effect=\"\"\r\n\t\t\t><\/div>\r\n\r\n\r\n\t\t<!----------------------------- \r\n\t\t\t* controls_data : find the the props passed indie of data attribute\r\n\t\t\t* props.SubmitResponseMarkup : contains the markup of error or success message\r\n\t\t\t* https:\/\/developer.mozilla.org\/en-US\/docs\/Web\/JavaScript\/Reference\/Template_literals\r\n\t\t--------------------------- -->\r\n\r\n\t\t\t\t<script type=\"text\/mf\" class=\"mf-template\">\r\n\t\t\tfunction controls_data (value){\r\n\t\t\t\tlet currentWrapper = \"mf-response-props-id-9492\";\r\n\t\t\t\tlet currentEl = document.getElementById(currentWrapper);\r\n\t\t\t\t\r\n\t\t\t\treturn currentEl ? currentEl.dataset[value] : false\r\n\t\t\t}\r\n\r\n\r\n\t\t\tlet is_edit_mode = '' ? true : false;\r\n\t\t\tlet message_position = controls_data('messageposition') || 'top';\r\n\r\n\t\t\t\r\n\t\t\tlet message_successIcon = controls_data('successicon') || '';\r\n\t\t\tlet message_errorIcon = controls_data('erroricon') || '';\r\n\t\t\tlet message_editSwitch = controls_data('editswitchopen') === 'yes' ? true : false;\r\n\t\t\tlet message_proClass = controls_data('editswitchopen') === 'yes' ? 'mf_pro_activated' : '';\r\n\t\t\t\r\n\t\t\tlet is_dummy_markup = is_edit_mode && message_editSwitch ? true : false;\r\n\r\n\t\t\t\r\n\t\t\treturn html`\r\n\t\t\t\t<form\r\n\t\t\t\t\tclassName=\"metform-form-content\"\r\n\t\t\t\t\tref=${parent.formContainerRef}\r\n\t\t\t\t\tonSubmit=${ validation.handleSubmit( parent.handleFormSubmit ) }\r\n\t\t\t\t\r\n\t\t\t\t\t>\r\n\t\t\t\r\n\t\t\t\r\n\t\t\t\t\t${is_dummy_markup ? message_position === 'top' ?  props.ResponseDummyMarkup(message_successIcon, message_proClass) : '' : ''}\r\n\t\t\t\t\t${is_dummy_markup ? ' ' :  message_position === 'top' ? props.SubmitResponseMarkup`${parent}${state}${message_successIcon}${message_errorIcon}${message_proClass}` : ''}\r\n\r\n\t\t\t\t\t<!--------------------------------------------------------\r\n\t\t\t\t\t*** IMPORTANT \/ DANGEROUS ***\r\n\t\t\t\t\t${html``} must be used as in immediate child of \"metform-form-main-wrapper\"\r\n\t\t\t\t\tclass otherwise multistep form will not run at all\r\n\t\t\t\t\t---------------------------------------------------------->\r\n\r\n\t\t\t\t\t<div className=\"metform-form-main-wrapper\" key=${'hide-form-after-submit'} ref=${parent.formRef}>\r\n\t\t\t\t\t${html`\r\n\t\t\t\t\t\t\t\t<div data-elementor-type=\"wp-post\" key=\"2\" data-elementor-id=\"9492\" className=\"elementor elementor-9492\" data-elementor-post-type=\"metform-form\">\n\t\t\t\t<div className=\"elementor-element elementor-element-c08075d e-con-full e-flex e-con e-parent\" data-id=\"c08075d\" data-element_type=\"container\" data-settings=\"{&quot;jet_parallax_layout_list&quot;:[]}\">\n\t\t<div className=\"elementor-element elementor-element-87ffd3a e-con-full e-flex e-con e-child\" data-id=\"87ffd3a\" data-element_type=\"container\" data-settings=\"{&quot;jet_parallax_layout_list&quot;:[]}\">\n\t\t\t\t<div className=\"elementor-element elementor-element-35b9446 elementor-widget__width-initial elementor-widget-tablet__width-inherit elementor-widget elementor-widget-mf-email\" data-id=\"35b9446\" data-element_type=\"widget\" data-settings=\"{&quot;mf_input_name&quot;:&quot;mf-email&quot;}\" data-widget_type=\"mf-email.default\">\n\t\t\t\t<div className=\"elementor-widget-container\">\n\t\t\t\r\n\t\t<div className=\"mf-input-wrapper\">\r\n\t\t\t\r\n\t\t\t<input \r\n\t\t\t\ttype=\"email\" \r\n\t\t\t\t \r\n\t\t\t\tdefaultValue=\"\" \r\n\t\t\t\tclassName=\"mf-input mf-conditional-input\" \r\n\t\t\t\tid=\"mf-input-email-35b9446\" \r\n\t\t\t\tname=\"mf-email\" \r\n\t\t\t\tplaceholder=\"${ parent.decodeEntities(`E-mail Address `) } \" \r\n\t\t\t\t \r\n\t\t\t\tonBlur=${parent.handleChange} onFocus=${parent.handleChange} aria-invalid=${validation.errors['mf-email'] ? 'true' : 'false' } \r\n\t\t\t\tref=${el=> parent.activateValidation({\"message\":\"This field is required.\",\"emailMessage\":\"Please enter a valid Email address\",\"minLength\":1,\"maxLength\":\"\",\"type\":\"none\",\"required\":true,\"expression\":\"null\"}, el)}\r\n\t\t\t\t\t\t\t\/>\r\n\r\n\t\t\t\t\t\t<${validation.ErrorMessage} \r\n\t\t\t\terrors=${validation.errors} \r\n\t\t\t\tname=\"mf-email\" \r\n\t\t\t\tas=${html`<span className=\"mf-error-message\"><\/span>`}\r\n\t\t\t\/>\r\n\t\t\t\r\n\t\t\t\t\t<\/div>\r\n\r\n\t\t<\/div>\n\t\t\t\t<\/div>\n\t\t\t\t<div className=\"elementor-element elementor-element-0cd230c elementor-widget__width-initial elementor-widget-tablet__width-inherit elementor-widget elementor-widget-mf-text\" data-id=\"0cd230c\" data-element_type=\"widget\" data-settings=\"{&quot;mf_input_name&quot;:&quot;mf-first-name&quot;}\" data-widget_type=\"mf-text.default\">\n\t\t\t\t<div className=\"elementor-widget-container\">\n\t\t\t\r\n\t\t<div className=\"mf-input-wrapper\">\r\n\t\t\t\r\n\t\t\t<input\r\n\t\t\t\ttype=\"text\"\r\n\t\t\t\tclassName=\"mf-input mf-conditional-input\"\r\n\t\t\t\tid=\"mf-input-text-0cd230c\"\r\n\t\t\t\tname=\"mf-first-name\"\r\n\t\t\t\tplaceholder=\"${ parent.decodeEntities(`First Name`) } \"\r\n\t\t\t\t\t\t\t\t\tonInput=${parent.handleChange}\r\n\t\t\t\t\tonBlur=${parent.handleChange}\r\n\t\t\t\t\taria-invalid=${validation.errors['mf-first-name'] ? 'true' : 'false'}\r\n\t\t\t\t\tref=${el =>{\r\n\t\t\t\t\t\t\t\t\t\t\t\tparent.activateValidation({\"message\":\"This field is required.\",\"minLength\":1,\"maxLength\":\"\",\"type\":\"none\",\"required\":true,\"expression\":\"null\"}, el)\r\n\t\t\t\t\t}}\r\n\t\t\t\t\t\t\t\t\/>\r\n\r\n\t\t\t\t\t\t\t<${validation.ErrorMessage}\r\n\t\t\t\t\terrors=${validation.errors}\r\n\t\t\t\t\tname=\"mf-first-name\"\r\n\t\t\t\t\tas=${html`<span className=\"mf-error-message\"><\/span>`}\r\n\t\t\t\t\t\/>\r\n\t\t\t\r\n\t\t\t\t\t<\/div>\r\n\r\n\t\t\t\t<\/div>\n\t\t\t\t<\/div>\n\t\t\t\t<div className=\"elementor-element elementor-element-450694b elementor-widget__width-initial elementor-widget-tablet__width-inherit elementor-widget elementor-widget-mf-text\" data-id=\"450694b\" data-element_type=\"widget\" data-settings=\"{&quot;mf_input_name&quot;:&quot;mf-last-name&quot;}\" data-widget_type=\"mf-text.default\">\n\t\t\t\t<div className=\"elementor-widget-container\">\n\t\t\t\r\n\t\t<div className=\"mf-input-wrapper\">\r\n\t\t\t\r\n\t\t\t<input\r\n\t\t\t\ttype=\"text\"\r\n\t\t\t\tclassName=\"mf-input mf-conditional-input\"\r\n\t\t\t\tid=\"mf-input-text-450694b\"\r\n\t\t\t\tname=\"mf-last-name\"\r\n\t\t\t\tplaceholder=\"${ parent.decodeEntities(`Last Name`) } \"\r\n\t\t\t\t\t\t\t\t\tonInput=${parent.handleChange}\r\n\t\t\t\t\tonBlur=${parent.handleChange}\r\n\t\t\t\t\taria-invalid=${validation.errors['mf-last-name'] ? 'true' : 'false'}\r\n\t\t\t\t\tref=${el =>{\r\n\t\t\t\t\t\t\t\t\t\t\t\tparent.activateValidation({\"message\":\"This field is required.\",\"minLength\":1,\"maxLength\":\"\",\"type\":\"none\",\"required\":true,\"expression\":\"null\"}, el)\r\n\t\t\t\t\t}}\r\n\t\t\t\t\t\t\t\t\/>\r\n\r\n\t\t\t\t\t\t\t<${validation.ErrorMessage}\r\n\t\t\t\t\terrors=${validation.errors}\r\n\t\t\t\t\tname=\"mf-last-name\"\r\n\t\t\t\t\tas=${html`<span className=\"mf-error-message\"><\/span>`}\r\n\t\t\t\t\t\/>\r\n\t\t\t\r\n\t\t\t\t\t<\/div>\r\n\r\n\t\t\t\t<\/div>\n\t\t\t\t<\/div>\n\t\t\t\t<div className=\"elementor-element elementor-element-5c5420f mf-btn--left elementor-widget__width-initial elementor-widget-mobile__width-initial elementor-widget elementor-widget-mf-button\" data-id=\"5c5420f\" data-element_type=\"widget\" data-widget_type=\"mf-button.default\">\n\t\t\t\t<div className=\"elementor-widget-container\">\n\t\t\t\t\t<div className=\"mf-btn-wraper mf-conditional-input\" data-mf-form-conditional-logic-requirement=\"\">\r\n\t\t\t\t\t\t\t<button type=\"submit\" className=\"metform-btn metform-submit-btn \" id=\"\">\r\n\t\t\t\t\t<span>${ parent.decodeEntities(`Send Now`) } <\/span>\r\n\t\t\t\t\t<i aria-hidden=\"true\" className=\"rt rt-arrow-right-long\"><\/i>\t\t\t\t<\/button>\r\n\t\t\t        <\/div>\r\n        \t\t<\/div>\n\t\t\t\t<\/div>\n\t\t\t\t<\/div>\n\t\t\t\t<\/div>\n\t\t\t\t<\/div>\n\t\t\t\t\t\t\t`}\r\n\t\t\t\t\t<\/div>\r\n\r\n\t\t\t\t\t${is_dummy_markup ? message_position === 'bottom' ? props.ResponseDummyMarkup(message_successIcon, message_proClass) : '' : ''}\r\n\t\t\t\t\t${is_dummy_markup ? ' ' : message_position === 'bottom' ? props.SubmitResponseMarkup`${parent}${state}${message_successIcon}${message_errorIcon}${message_proClass}` : ''}\r\n\t\t\t\t\r\n\t\t\t\t<\/form>\r\n\t\t\t`\r\n\t\t<\/script>\r\n\r\n\t\t\t\t\t<\/div>\n\t\t<\/div>\n\t\t<\/div>\t\t<\/div>\n\t\t\t\t<\/div>\n\t\t\t\t<\/div>\n\t\t\t\t<\/div>\n\t\t<div class=\"elementor-element elementor-element-6b67e69 e-con-full e-flex e-con e-child\" data-id=\"6b67e69\" data-element_type=\"container\" data-settings=\"{&quot;jet_parallax_layout_list&quot;:[]}\">\n\t\t\t\t<div class=\"elementor-element elementor-element-2610159 elementor-widget elementor-widget-heading\" data-id=\"2610159\" data-element_type=\"widget\" data-widget_type=\"heading.default\">\n\t\t\t\t<div class=\"elementor-widget-container\">\n\t\t\t<h2 class=\"elementor-heading-title elementor-size-default\">F\u00f8lg oss<\/h2>\t\t<\/div>\n\t\t\t\t<\/div>\n\t\t\t\t<div class=\"elementor-element elementor-element-a72256c elementor-icon-list--layout-inline text-underline elementor-list-item-link-full_width elementor-widget elementor-widget-global elementor-global-13272 elementor-global-9807 elementor-widget-icon-list\" data-id=\"a72256c\" data-element_type=\"widget\" data-widget_type=\"icon-list.default\">\n\t\t\t\t<div class=\"elementor-widget-container\">\n\t\t\t\t\t<ul class=\"elementor-icon-list-items elementor-inline-items\">\n\t\t\t\t\t\t\t<li class=\"elementor-icon-list-item elementor-inline-item\">\n\t\t\t\t\t\t\t\t\t\t\t<a href=\"https:\/\/www.linkedin.com\/company\/siap-acoustic-systems-b-v-\/\" target=\"_blank\">\n\n\t\t\t\t\t\t\t\t\t\t\t<span class=\"elementor-icon-list-text\">LinkedIn  <\/span>\n\t\t\t\t\t\t\t\t\t\t\t<\/a>\n\t\t\t\t\t\t\t\t\t<\/li>\n\t\t\t\t\t\t\t\t<li class=\"elementor-icon-list-item elementor-inline-item\">\n\t\t\t\t\t\t\t\t\t\t\t<a href=\"https:\/\/www.facebook.com\/siapacoustics\" target=\"_blank\">\n\n\t\t\t\t\t\t\t\t\t\t\t<span class=\"elementor-icon-list-text\">Facebook  <\/span>\n\t\t\t\t\t\t\t\t\t\t\t<\/a>\n\t\t\t\t\t\t\t\t\t<\/li>\n\t\t\t\t\t\t\t\t<li class=\"elementor-icon-list-item elementor-inline-item\">\n\t\t\t\t\t\t\t\t\t\t\t<a href=\"https:\/\/www.youtube.com\/@siapacoustics\" target=\"_blank\">\n\n\t\t\t\t\t\t\t\t\t\t\t<span class=\"elementor-icon-list-text\">Youtube<\/span>\n\t\t\t\t\t\t\t\t\t\t\t<\/a>\n\t\t\t\t\t\t\t\t\t<\/li>\n\t\t\t\t\t\t<\/ul>\n\t\t\t\t<\/div>\n\t\t\t\t<\/div>\n\t\t\t\t<\/div>\n\t\t\t\t<\/div>\n\t\t\t\t<\/div>\n\t\t\t\t\t<\/div>\n\t\t\t\t<\/div>\n\t\t\t\t<\/div>\n\t\t","protected":false},"excerpt":{"rendered":"<p>PRESSEMELDING: SIAP Acoustics lanserer Q-SYS-sertifisert AVA Series Plugin SIAP ACOUSTICS lanserer en ny teknologiplugin-integrasjon for Q-SYS Uden, Nederland, februar 2025 SIAP Acoustics, ledende innen akustisk ekspertise, kunngj\u00f8r sin nye Q-SYS plugin-integrasjon, SIAP AVA Series. Som en bidragsyter til Q-SYS Ecosystem har SIAP Acoustics samarbeidet med Q-SYS for \u00e5 skape en markedsklar kontroll\u00f8sning som enkelt kan&#8230;<\/p>\n","protected":false},"author":1,"featured_media":0,"parent":0,"menu_order":0,"comment_status":"closed","ping_status":"closed","template":"","meta":{"_monsterinsights_skip_tracking":false,"_monsterinsights_sitenote_active":false,"_monsterinsights_sitenote_note":"","_monsterinsights_sitenote_category":0,"footnotes":""},"class_list":["post-13052","page","type-page","status-publish","hentry"],"aioseo_notices":[],"_links":{"self":[{"href":"https:\/\/siapacoustics.com\/no\/wp-json\/wp\/v2\/pages\/13052","targetHints":{"allow":["GET"]}}],"collection":[{"href":"https:\/\/siapacoustics.com\/no\/wp-json\/wp\/v2\/pages"}],"about":[{"href":"https:\/\/siapacoustics.com\/no\/wp-json\/wp\/v2\/types\/page"}],"author":[{"embeddable":true,"href":"https:\/\/siapacoustics.com\/no\/wp-json\/wp\/v2\/users\/1"}],"replies":[{"embeddable":true,"href":"https:\/\/siapacoustics.com\/no\/wp-json\/wp\/v2\/comments?post=13052"}],"version-history":[{"count":1,"href":"https:\/\/siapacoustics.com\/no\/wp-json\/wp\/v2\/pages\/13052\/revisions"}],"predecessor-version":[{"id":13054,"href":"https:\/\/siapacoustics.com\/no\/wp-json\/wp\/v2\/pages\/13052\/revisions\/13054"}],"wp:attachment":[{"href":"https:\/\/siapacoustics.com\/no\/wp-json\/wp\/v2\/media?parent=13052"}],"curies":[{"name":"wp","href":"https:\/\/api.w.org\/{rel}","templated":true}]}}